{"id":148,"date":"2021-03-07T14:52:48","date_gmt":"2021-03-07T14:52:49","guid":{"rendered":"http:\/\/www.evacapkova.eu\/?page_id=148"},"modified":"2026-01-10T06:08:29","modified_gmt":"2026-01-10T06:08:29","slug":"graphics","status":"publish","type":"page","link":"https:\/\/www.evacapkova.eu\/","title":{"rendered":"V\u00edt\u00e1m v\u00e1s\/Welcome"},"content":{"rendered":"\n<figure class=\"wp-block-gallery has-nested-images columns-default is-cropped wp-block-gallery-1 is-layout-flex wp-block-gallery-is-layout-flex\">\n<figure class=\"wp-block-image size-large\"><img loading=\"lazy\" decoding=\"async\" width=\"788\" height=\"1024\" data-id=\"1771\" src=\"https:\/\/www.evacapkova.eu\/wp-content\/uploads\/2026\/01\/DSC_6589-788x1024.jpg\" alt=\"\" class=\"wp-image-1771\" srcset=\"https:\/\/www.evacapkova.eu\/wp-content\/uploads\/2026\/01\/DSC_6589-788x1024.jpg 788w, https:\/\/www.evacapkova.eu\/wp-content\/uploads\/2026\/01\/DSC_6589-231x300.jpg 231w, https:\/\/www.evacapkova.eu\/wp-content\/uploads\/2026\/01\/DSC_6589-768x998.jpg 768w, https:\/\/www.evacapkova.eu\/wp-content\/uploads\/2026\/01\/DSC_6589.jpg 1000w\" sizes=\"auto, (max-width: 788px) 100vw, 788px\" \/><\/figure>\n<\/figure>\n\n\n\n<details class=\"wp-block-details alignwide is-layout-flow wp-block-details-is-layout-flow\"><summary><br>Narodila jsem se v Olomouci (\u010cesk\u00e1 republika). V letech 1997\u20132001 jsem studovala \u010desk\u00fd jazyk a v\u00fdtvarnou v\u00fdchovu na Pedagogick\u00e9 fakult\u011b Palack\u00e9ho univerzity v Olomouci. Od roku 2002 \u017eiji v Erdingu, m\u011bste\u010dku u Mnichova. V letech 2004\u20132009 jsem absolvovala dal\u0161\u00ed studium na Ludwig-Maximilians-Universit\u00e4t v Mnichov\u011b, kde jsem pozd\u011bji tak\u00e9 obh\u00e1jila svou doktorskou pr\u00e1ci o grafikovi Vladim\u00edru Boudn\u00edkovi. Pracuji jako pedago\u017eka, kur\u00e1torka, nez\u00e1visl\u00e1 novin\u00e1\u0159ka a um\u011blkyn\u011b. Krom\u011b voln\u00e9 tvorby se v\u011bnuji tak\u00e9 kni\u017en\u00ed ilustraci.<br>Moje d\u00edla byla dosud vystavena v \u010cesku, N\u011bmecku, USA, \u0160pan\u011blsku a Bulharsku. Za jednu ze sv\u00fdch miniatur jsem z\u00edskala v roce 2017 cenu General Packaging Prize a \u010destn\u00e9 uzn\u00e1n\u00ed na 11. Biennial International Miniature Print Exhibition v Center for Contemporary Printmaking v Norwalku.<br>Jsem \u010dlenkou Unie v\u00fdtvarn\u00fdch um\u011blc\u016f Olomoucka a n\u011bmeck\u00e9ho \u201eVerband f\u00fcr Kunstgeschichte\u201c.<\/summary>\n<p><\/p>\n<\/details>\n\n\n\n<details class=\"wp-block-details alignwide is-layout-flow wp-block-details-is-layout-flow\"><summary><br>I was born in Olomouc (Czech Republic). From 1997 to 2001, I studied Czech language and art education at the Faculty of Education of Palack\u00fd University in Olomouc. Since 2002, I live in Erding in the greater Munich area. From 2004 to 2009, I completed a second university degree at Ludwig-Maximilians-Universit\u00e4t in Munich. There, I later defended my doctoral thesis on the graphic artist Vladim\u00edr Boudn\u00edk. I work as an educator, curator, freelance journalist, and artist. In addition to my artistic work, I also focus on book illustration.<br>My works have been exhibited in the Czech Republic, Germany, the USA, Spain, and Bulgaria. For one of my miniatures, I received the General Packaging Prize and an honorable mention at the 11th Biennial International Miniature Print Exhibition at the Center for Contemporary Printmaking in Norwalk in 2017.<br>I am a member of the Union of Visual Artists of Olomouc and the German &#8222;Verband f\u00fcr Kunstgeschichte&#8220;.<br><\/summary>\n<p><\/p>\n<\/details>\n","protected":false},"excerpt":{"rendered":"","protected":false},"author":1,"featured_media":0,"parent":0,"menu_order":0,"comment_status":"closed","ping_status":"closed","template":"","meta":{"footnotes":""},"class_list":["post-148","page","type-page","status-publish","hentry","entry"],"yoast_head":"<!-- This site is optimized with the Yoast SEO plugin v27.5 - https:\/\/yoast.com\/product\/yoast-seo-wordpress\/ -->\n<title>V\u00edt\u00e1m v\u00e1s\/Welcome - Eva \u010capkov\u00e1<\/title>\n<meta name=\"robots\" content=\"index, follow, max-snippet:-1, max-image-preview:large, max-video-preview:-1\" \/>\n<link rel=\"canonical\" href=\"https:\/\/www.evacapkova.eu\/\" \/>\n<meta property=\"og:locale\" content=\"de_DE\" \/>\n<meta property=\"og:type\" content=\"article\" \/>\n<meta property=\"og:title\" content=\"V\u00edt\u00e1m v\u00e1s\/Welcome - Eva \u010capkov\u00e1\" \/>\n<meta property=\"og:url\" content=\"https:\/\/www.evacapkova.eu\/\" \/>\n<meta property=\"og:site_name\" content=\"Eva \u010capkov\u00e1\" \/>\n<meta property=\"article:modified_time\" content=\"2026-01-10T06:08:29+00:00\" \/>\n<meta property=\"og:image\" content=\"https:\/\/www.evacapkova.eu\/wp-content\/uploads\/2026\/01\/DSC_6589.jpg\" \/>\n\t<meta property=\"og:image:width\" content=\"1000\" \/>\n\t<meta property=\"og:image:height\" content=\"1300\" \/>\n\t<meta property=\"og:image:type\" content=\"image\/jpeg\" \/>\n<meta name=\"twitter:card\" content=\"summary_large_image\" \/>\n<meta name=\"twitter:label1\" content=\"Gesch\u00e4tzte Lesezeit\" \/>\n\t<meta name=\"twitter:data1\" content=\"2\u00a0Minuten\" \/>\n<script type=\"application\/ld+json\" class=\"yoast-schema-graph\">{\"@context\":\"https:\\\/\\\/schema.org\",\"@graph\":[{\"@type\":\"WebPage\",\"@id\":\"https:\\\/\\\/www.evacapkova.eu\\\/\",\"url\":\"https:\\\/\\\/www.evacapkova.eu\\\/\",\"name\":\"V\u00edt\u00e1m v\u00e1s\\\/Welcome - Eva \u010capkov\u00e1\",\"isPartOf\":{\"@id\":\"https:\\\/\\\/www.evacapkova.eu\\\/#website\"},\"primaryImageOfPage\":{\"@id\":\"https:\\\/\\\/www.evacapkova.eu\\\/#primaryimage\"},\"image\":{\"@id\":\"https:\\\/\\\/www.evacapkova.eu\\\/#primaryimage\"},\"thumbnailUrl\":\"https:\\\/\\\/www.evacapkova.eu\\\/wp-content\\\/uploads\\\/2026\\\/01\\\/DSC_6589-788x1024.jpg\",\"datePublished\":\"2021-03-07T14:52:49+00:00\",\"dateModified\":\"2026-01-10T06:08:29+00:00\",\"breadcrumb\":{\"@id\":\"https:\\\/\\\/www.evacapkova.eu\\\/#breadcrumb\"},\"inLanguage\":\"de\",\"potentialAction\":[{\"@type\":\"ReadAction\",\"target\":[\"https:\\\/\\\/www.evacapkova.eu\\\/\"]}]},{\"@type\":\"ImageObject\",\"inLanguage\":\"de\",\"@id\":\"https:\\\/\\\/www.evacapkova.eu\\\/#primaryimage\",\"url\":\"https:\\\/\\\/www.evacapkova.eu\\\/wp-content\\\/uploads\\\/2026\\\/01\\\/DSC_6589.jpg\",\"contentUrl\":\"https:\\\/\\\/www.evacapkova.eu\\\/wp-content\\\/uploads\\\/2026\\\/01\\\/DSC_6589.jpg\",\"width\":1000,\"height\":1300},{\"@type\":\"BreadcrumbList\",\"@id\":\"https:\\\/\\\/www.evacapkova.eu\\\/#breadcrumb\",\"itemListElement\":[{\"@type\":\"ListItem\",\"position\":1,\"name\":\"Startseite\",\"item\":\"https:\\\/\\\/www.evacapkova.eu\\\/\"},{\"@type\":\"ListItem\",\"position\":2,\"name\":\"V\u00edt\u00e1m v\u00e1s\\\/Welcome\"}]},{\"@type\":\"WebSite\",\"@id\":\"https:\\\/\\\/www.evacapkova.eu\\\/#website\",\"url\":\"https:\\\/\\\/www.evacapkova.eu\\\/\",\"name\":\"Eva \u010capkov\u00e1\",\"description\":\"evacapkova.eu\",\"publisher\":{\"@id\":\"https:\\\/\\\/www.evacapkova.eu\\\/#\\\/schema\\\/person\\\/2d860a0ae0bb0d7f026e5a73338a069c\"},\"potentialAction\":[{\"@type\":\"SearchAction\",\"target\":{\"@type\":\"EntryPoint\",\"urlTemplate\":\"https:\\\/\\\/www.evacapkova.eu\\\/?s={search_term_string}\"},\"query-input\":{\"@type\":\"PropertyValueSpecification\",\"valueRequired\":true,\"valueName\":\"search_term_string\"}}],\"inLanguage\":\"de\"},{\"@type\":[\"Person\",\"Organization\"],\"@id\":\"https:\\\/\\\/www.evacapkova.eu\\\/#\\\/schema\\\/person\\\/2d860a0ae0bb0d7f026e5a73338a069c\",\"name\":\"Eva \u010capkov\u00e1\",\"image\":{\"@type\":\"ImageObject\",\"inLanguage\":\"de\",\"@id\":\"https:\\\/\\\/secure.gravatar.com\\\/avatar\\\/930eb15065d3d272649b176d44ccf3c1d27b505b02fd07a9a7d5c580d9347ce8?s=96&d=mm&r=g\",\"url\":\"https:\\\/\\\/secure.gravatar.com\\\/avatar\\\/930eb15065d3d272649b176d44ccf3c1d27b505b02fd07a9a7d5c580d9347ce8?s=96&d=mm&r=g\",\"contentUrl\":\"https:\\\/\\\/secure.gravatar.com\\\/avatar\\\/930eb15065d3d272649b176d44ccf3c1d27b505b02fd07a9a7d5c580d9347ce8?s=96&d=mm&r=g\",\"caption\":\"Eva \u010capkov\u00e1\"},\"logo\":{\"@id\":\"https:\\\/\\\/secure.gravatar.com\\\/avatar\\\/930eb15065d3d272649b176d44ccf3c1d27b505b02fd07a9a7d5c580d9347ce8?s=96&d=mm&r=g\"},\"sameAs\":[\"https:\\\/\\\/www.evacapkova.eu\\\/\",\"jentakprodlouhouchvili\"]}]}<\/script>\n<!-- \/ Yoast SEO plugin. -->","yoast_head_json":{"title":"V\u00edt\u00e1m v\u00e1s\/Welcome - Eva \u010capkov\u00e1","robots":{"index":"index","follow":"follow","max-snippet":"max-snippet:-1","max-image-preview":"max-image-preview:large","max-video-preview":"max-video-preview:-1"},"canonical":"https:\/\/www.evacapkova.eu\/","og_locale":"de_DE","og_type":"article","og_title":"V\u00edt\u00e1m v\u00e1s\/Welcome - Eva \u010capkov\u00e1","og_url":"https:\/\/www.evacapkova.eu\/","og_site_name":"Eva \u010capkov\u00e1","article_modified_time":"2026-01-10T06:08:29+00:00","og_image":[{"width":1000,"height":1300,"url":"https:\/\/www.evacapkova.eu\/wp-content\/uploads\/2026\/01\/DSC_6589.jpg","type":"image\/jpeg"}],"twitter_card":"summary_large_image","twitter_misc":{"Gesch\u00e4tzte Lesezeit":"2\u00a0Minuten"},"schema":{"@context":"https:\/\/schema.org","@graph":[{"@type":"WebPage","@id":"https:\/\/www.evacapkova.eu\/","url":"https:\/\/www.evacapkova.eu\/","name":"V\u00edt\u00e1m v\u00e1s\/Welcome - Eva \u010capkov\u00e1","isPartOf":{"@id":"https:\/\/www.evacapkova.eu\/#website"},"primaryImageOfPage":{"@id":"https:\/\/www.evacapkova.eu\/#primaryimage"},"image":{"@id":"https:\/\/www.evacapkova.eu\/#primaryimage"},"thumbnailUrl":"https:\/\/www.evacapkova.eu\/wp-content\/uploads\/2026\/01\/DSC_6589-788x1024.jpg","datePublished":"2021-03-07T14:52:49+00:00","dateModified":"2026-01-10T06:08:29+00:00","breadcrumb":{"@id":"https:\/\/www.evacapkova.eu\/#breadcrumb"},"inLanguage":"de","potentialAction":[{"@type":"ReadAction","target":["https:\/\/www.evacapkova.eu\/"]}]},{"@type":"ImageObject","inLanguage":"de","@id":"https:\/\/www.evacapkova.eu\/#primaryimage","url":"https:\/\/www.evacapkova.eu\/wp-content\/uploads\/2026\/01\/DSC_6589.jpg","contentUrl":"https:\/\/www.evacapkova.eu\/wp-content\/uploads\/2026\/01\/DSC_6589.jpg","width":1000,"height":1300},{"@type":"BreadcrumbList","@id":"https:\/\/www.evacapkova.eu\/#breadcrumb","itemListElement":[{"@type":"ListItem","position":1,"name":"Startseite","item":"https:\/\/www.evacapkova.eu\/"},{"@type":"ListItem","position":2,"name":"V\u00edt\u00e1m v\u00e1s\/Welcome"}]},{"@type":"WebSite","@id":"https:\/\/www.evacapkova.eu\/#website","url":"https:\/\/www.evacapkova.eu\/","name":"Eva \u010capkov\u00e1","description":"evacapkova.eu","publisher":{"@id":"https:\/\/www.evacapkova.eu\/#\/schema\/person\/2d860a0ae0bb0d7f026e5a73338a069c"},"potentialAction":[{"@type":"SearchAction","target":{"@type":"EntryPoint","urlTemplate":"https:\/\/www.evacapkova.eu\/?s={search_term_string}"},"query-input":{"@type":"PropertyValueSpecification","valueRequired":true,"valueName":"search_term_string"}}],"inLanguage":"de"},{"@type":["Person","Organization"],"@id":"https:\/\/www.evacapkova.eu\/#\/schema\/person\/2d860a0ae0bb0d7f026e5a73338a069c","name":"Eva \u010capkov\u00e1","image":{"@type":"ImageObject","inLanguage":"de","@id":"https:\/\/secure.gravatar.com\/avatar\/930eb15065d3d272649b176d44ccf3c1d27b505b02fd07a9a7d5c580d9347ce8?s=96&d=mm&r=g","url":"https:\/\/secure.gravatar.com\/avatar\/930eb15065d3d272649b176d44ccf3c1d27b505b02fd07a9a7d5c580d9347ce8?s=96&d=mm&r=g","contentUrl":"https:\/\/secure.gravatar.com\/avatar\/930eb15065d3d272649b176d44ccf3c1d27b505b02fd07a9a7d5c580d9347ce8?s=96&d=mm&r=g","caption":"Eva \u010capkov\u00e1"},"logo":{"@id":"https:\/\/secure.gravatar.com\/avatar\/930eb15065d3d272649b176d44ccf3c1d27b505b02fd07a9a7d5c580d9347ce8?s=96&d=mm&r=g"},"sameAs":["https:\/\/www.evacapkova.eu\/","jentakprodlouhouchvili"]}]}},"_links":{"self":[{"href":"https:\/\/www.evacapkova.eu\/index.php\/wp-json\/wp\/v2\/pages\/148","targetHints":{"allow":["GET"]}}],"collection":[{"href":"https:\/\/www.evacapkova.eu\/index.php\/wp-json\/wp\/v2\/pages"}],"about":[{"href":"https:\/\/www.evacapkova.eu\/index.php\/wp-json\/wp\/v2\/types\/page"}],"author":[{"embeddable":true,"href":"https:\/\/www.evacapkova.eu\/index.php\/wp-json\/wp\/v2\/users\/1"}],"replies":[{"embeddable":true,"href":"https:\/\/www.evacapkova.eu\/index.php\/wp-json\/wp\/v2\/comments?post=148"}],"version-history":[{"count":56,"href":"https:\/\/www.evacapkova.eu\/index.php\/wp-json\/wp\/v2\/pages\/148\/revisions"}],"predecessor-version":[{"id":2206,"href":"https:\/\/www.evacapkova.eu\/index.php\/wp-json\/wp\/v2\/pages\/148\/revisions\/2206"}],"wp:attachment":[{"href":"https:\/\/www.evacapkova.eu\/index.php\/wp-json\/wp\/v2\/media?parent=148"}],"curies":[{"name":"wp","href":"https:\/\/api.w.org\/{rel}","templated":true}]}}